{"id":520,"date":"2021-10-18T09:57:29","date_gmt":"2021-10-18T09:57:29","guid":{"rendered":"http:\/\/diabetologie-sendlingertor.de\/?page_id=520"},"modified":"2023-02-16T11:50:39","modified_gmt":"2023-02-16T11:50:39","slug":"route-description","status":"publish","type":"page","link":"https:\/\/diabetologie-sendlingertor.de\/en\/route-description\/","title":{"rendered":"Route description"},"content":{"rendered":"\t\t<div data-elementor-type=\"wp-page\" data-elementor-id=\"520\" class=\"elementor elementor-520\">\n\t\t\t\t\t\t\t\t\t<section class=\"elementor-section elementor-top-section elementor-element elementor-element-6ec67b53 elementor-section-full_width elementor-section-height-min-height elementor-section-height-default elementor-section-items-middle\" data-id=\"6ec67b53\" data-element_type=\"section\" data-settings=\"{&quot;background_background&quot;:&quot;classic&quot;}\">\n\t\t\t\t\t\t<div class=\"elementor-container elementor-column-gap-default\">\n\t\t\t\t\t<div class=\"elementor-column elementor-col-100 elementor-top-column elementor-element elementor-element-47b9ef90\" data-id=\"47b9ef90\" data-element_type=\"column\">\n\t\t\t<div class=\"elementor-widget-wrap\">\n\t\t\t\t\t\t\t\t\t<\/div>\n\t\t<\/div>\n\t\t\t\t\t\t\t<\/div>\n\t\t<\/section>\n\t\t\t\t<section class=\"elementor-section elementor-top-section elementor-element elementor-element-752cf259 elementor-section-boxed elementor-section-height-default elementor-section-height-default\" data-id=\"752cf259\" data-element_type=\"section\">\n\t\t\t\t\t\t<div class=\"elementor-container elementor-column-gap-default\">\n\t\t\t\t\t<div class=\"elementor-column elementor-col-100 elementor-top-column elementor-element elementor-element-5bda590f\" data-id=\"5bda590f\" data-element_type=\"column\">\n\t\t\t<div class=\"elementor-widget-wrap elementor-element-populated\">\n\t\t\t\t\t\t\t\t<div class=\"elementor-element elementor-element-18c008c2 elementor-widget elementor-widget-spacer\" data-id=\"18c008c2\" data-element_type=\"widget\" data-widget_type=\"spacer.default\">\n\t\t\t\t<div class=\"elementor-widget-container\">\n\t\t\t\t\t<div class=\"elementor-spacer\">\n\t\t\t<div class=\"elementor-spacer-inner\"><\/div>\n\t\t<\/div>\n\t\t\t\t<\/div>\n\t\t\t\t<\/div>\n\t\t\t\t<div class=\"elementor-element elementor-element-6a565305 elementor-widget elementor-widget-heading\" data-id=\"6a565305\" data-element_type=\"widget\" data-widget_type=\"heading.default\">\n\t\t\t\t<div class=\"elementor-widget-container\">\n\t\t\t<h2 class=\"elementor-heading-title elementor-size-default\">Route description<\/h2>\t\t<\/div>\n\t\t\t\t<\/div>\n\t\t\t\t\t<\/div>\n\t\t<\/div>\n\t\t\t\t\t\t\t<\/div>\n\t\t<\/section>\n\t\t\t\t<section class=\"elementor-section elementor-top-section elementor-element elementor-element-1d74bb33 elementor-section-boxed elementor-section-height-default elementor-section-height-default\" data-id=\"1d74bb33\" data-element_type=\"section\">\n\t\t\t\t\t\t<div class=\"elementor-container elementor-column-gap-default\">\n\t\t\t\t\t<div class=\"elementor-column elementor-col-100 elementor-top-column elementor-element elementor-element-69123d2b\" data-id=\"69123d2b\" data-element_type=\"column\">\n\t\t\t<div class=\"elementor-widget-wrap elementor-element-populated\">\n\t\t\t\t\t\t\t\t<div class=\"elementor-element elementor-element-59bf0b46 elementor-widget elementor-widget-text-editor\" data-id=\"59bf0b46\" data-element_type=\"widget\" data-widget_type=\"text-editor.default\">\n\t\t\t\t<div class=\"elementor-widget-container\">\n\t\t\t\t\t\t\t<p><strong>How to find us&#8230;<\/strong><br \/>Our practice is on the ground floor at Nussbaumstra\u00dfe 14, near Sendlinger-Tor-Platz<\/p><p><strong>Public transport<\/strong><br \/>Sendlinger-Tor-Platz underground station, exit Nussbaumstra\u00dfe<br \/>Tram stop Sendlinger-Tor-Platz<\/p><p><strong>By car<\/strong><br \/>Drive out of Sonnenstra\u00dfe, turn right at Sendlinger-Tor-Platz into Nussbaumstra\u00dfe, after 100 m you will find house number 14.<br \/>(Due to the construction work at the Uniklinik Inner City, access to Nussbaumstrasse from the other direction is not possible)<\/p><p><strong>Parking<\/strong><br \/>In the vicinity, you will find parking spaces with parking permits<br \/>or you can park in the Sonnenhof multi-story car park, Landwehrstrasse 10<\/p><div id=\"accel-snackbar\" style=\"right: 50px; top: 50px;\">\u00a0<\/div>\t\t\t\t\t\t<\/div>\n\t\t\t\t<\/div>\n\t\t\t\t<div class=\"elementor-element elementor-element-30b67122 elementor-widget elementor-widget-spacer\" data-id=\"30b67122\" data-element_type=\"widget\" data-widget_type=\"spacer.default\">\n\t\t\t\t<div class=\"elementor-widget-container\">\n\t\t\t\t\t<div class=\"elementor-spacer\">\n\t\t\t<div class=\"elementor-spacer-inner\"><\/div>\n\t\t<\/div>\n\t\t\t\t<\/div>\n\t\t\t\t<\/div>\n\t\t\t\t\t<\/div>\n\t\t<\/div>\n\t\t\t\t\t\t\t<\/div>\n\t\t<\/section>\n\t\t\t\t<section class=\"elementor-section elementor-top-section elementor-element elementor-element-5800fd5 elementor-section-boxed elementor-section-height-default elementor-section-height-default\" data-id=\"5800fd5\" data-element_type=\"section\" data-settings=\"{&quot;background_background&quot;:&quot;classic&quot;}\">\n\t\t\t\t\t\t<div class=\"elementor-container elementor-column-gap-default\">\n\t\t\t\t\t<div class=\"elementor-column elementor-col-100 elementor-top-column elementor-element elementor-element-4f83c844\" data-id=\"4f83c844\" data-element_type=\"column\">\n\t\t\t<div class=\"elementor-widget-wrap elementor-element-populated\">\n\t\t\t\t\t\t\t\t<section class=\"elementor-section elementor-inner-section elementor-element elementor-element-74b602e2 elementor-section-boxed elementor-section-height-default elementor-section-height-default\" data-id=\"74b602e2\" data-element_type=\"section\">\n\t\t\t\t\t\t<div class=\"elementor-container elementor-column-gap-no\">\n\t\t\t\t\t<div class=\"elementor-column elementor-col-50 elementor-inner-column elementor-element elementor-element-69ae6391\" data-id=\"69ae6391\" data-element_type=\"column\">\n\t\t\t<div class=\"elementor-widget-wrap elementor-element-populated\">\n\t\t\t\t\t\t\t\t<div class=\"elementor-element elementor-element-69bd9db5 elementor-position-left elementor-view-default elementor-mobile-position-top elementor-vertical-align-top elementor-widget elementor-widget-icon-box\" data-id=\"69bd9db5\" data-element_type=\"widget\" data-widget_type=\"icon-box.default\">\n\t\t\t\t<div class=\"elementor-widget-container\">\n\t\t\t\t\t<div class=\"elementor-icon-box-wrapper\">\n\t\t\t\t\t\t<div class=\"elementor-icon-box-icon\">\n\t\t\t\t<span class=\"elementor-icon elementor-animation-\" >\n\t\t\t\t<i aria-hidden=\"true\" class=\"far fa-clock\"><\/i>\t\t\t\t<\/span>\n\t\t\t<\/div>\n\t\t\t\t\t\t<div class=\"elementor-icon-box-content\">\n\t\t\t\t<h3 class=\"elementor-icon-box-title\">\n\t\t\t\t\t<span  >\n\t\t\t\t\t\tOffice hours\t\t\t\t\t<\/span>\n\t\t\t\t<\/h3>\n\t\t\t\t\t\t\t\t\t<p class=\"elementor-icon-box-description\">\n\t\t\t\t\t\tMonday - Thursday 9:00-13:00 <br> Monday, Tuesday and Thursday 14:30 - 17:00 <br> And by appointment <br>Telephone consultation hours: <br> Monday - Thursday 8:30 - 9:00\n\t\t\t\t\t<\/p>\n\t\t\t\t\t\t\t<\/div>\n\t\t<\/div>\n\t\t\t\t<\/div>\n\t\t\t\t<\/div>\n\t\t\t\t<div class=\"elementor-element elementor-element-6158ae2e elementor-position-left elementor-view-default elementor-mobile-position-top elementor-vertical-align-top elementor-widget elementor-widget-icon-box\" data-id=\"6158ae2e\" data-element_type=\"widget\" data-widget_type=\"icon-box.default\">\n\t\t\t\t<div class=\"elementor-widget-container\">\n\t\t\t\t\t<div class=\"elementor-icon-box-wrapper\">\n\t\t\t\t\t\t<div class=\"elementor-icon-box-icon\">\n\t\t\t\t<span class=\"elementor-icon elementor-animation-\" >\n\t\t\t\t<i aria-hidden=\"true\" class=\"fas fa-map-marker-alt\"><\/i>\t\t\t\t<\/span>\n\t\t\t<\/div>\n\t\t\t\t\t\t<div class=\"elementor-icon-box-content\">\n\t\t\t\t<h3 class=\"elementor-icon-box-title\">\n\t\t\t\t\t<span  >\n\t\t\t\t\t\tLocation\t\t\t\t\t<\/span>\n\t\t\t\t<\/h3>\n\t\t\t\t\t\t\t\t\t<p class=\"elementor-icon-box-description\">\n\t\t\t\t\t\tNussbaumstrasse 14 \u22c5 80336 Munich<br>Telephone: 089\/20 24 42 81 <br>Fax: 089\/20 24 42 82 <br>Email: praxis@diabetologie-sendlingertor.de\t\t\t\t\t<\/p>\n\t\t\t\t\t\t\t<\/div>\n\t\t<\/div>\n\t\t\t\t<\/div>\n\t\t\t\t<\/div>\n\t\t\t\t\t<\/div>\n\t\t<\/div>\n\t\t\t\t<div class=\"elementor-column elementor-col-50 elementor-inner-column elementor-element elementor-element-6923dda5\" data-id=\"6923dda5\" data-element_type=\"column\">\n\t\t\t<div class=\"elementor-widget-wrap elementor-element-populated\">\n\t\t\t\t\t\t\t\t<div class=\"elementor-element elementor-element-581f6eb9 elementor-widget elementor-widget-google_maps\" data-id=\"581f6eb9\" data-element_type=\"widget\" data-widget_type=\"google_maps.default\">\n\t\t\t\t<div class=\"elementor-widget-container\">\n\t\t\t\t\t<div class=\"elementor-custom-embed\">\n\t\t\t<iframe loading=\"lazy\"\n\t\t\t\t\tsrc=\"https:\/\/maps.google.com\/maps?q=Diana%20von%20Welser&#038;t=m&#038;z=12&#038;output=embed&#038;iwloc=near\"\n\t\t\t\t\ttitle=\"Diana von Welser\"\n\t\t\t\t\taria-label=\"Diana von Welser\"\n\t\t\t><\/iframe>\n\t\t<\/div>\n\t\t\t\t<\/div>\n\t\t\t\t<\/div>\n\t\t\t\t\t<\/div>\n\t\t<\/div>\n\t\t\t\t\t\t\t<\/div>\n\t\t<\/section>\n\t\t\t\t\t<\/div>\n\t\t<\/div>\n\t\t\t\t\t\t\t<\/div>\n\t\t<\/section>\n\t\t\t\t\t\t\t<\/div>\n\t\t","protected":false},"excerpt":{"rendered":"<p>Route description How to find us&#8230;Our practice is on the ground floor at Nussbaumstra\u00dfe 14, near Sendlinger-Tor-Platz Public transportSendlinger-Tor-Platz underground station, exit Nussbaumstra\u00dfeTram stop Sendlinger-Tor-Platz By carDrive out of Sonnenstra\u00dfe, turn right at Sendlinger-Tor-Platz into Nussbaumstra\u00dfe, after 100 m you will find house number 14.(Due to the construction work at the Uniklinik Inner City, access &hellip;<\/p>\n<p class=\"read-more\"> <a class=\"\" href=\"https:\/\/diabetologie-sendlingertor.de\/en\/route-description\/\"> <span class=\"screen-reader-text\">Route description<\/span> Read More &raquo;<\/a><\/p>\n","protected":false},"author":1,"featured_media":0,"parent":0,"menu_order":0,"comment_status":"closed","ping_status":"closed","template":"","meta":[],"_links":{"self":[{"href":"https:\/\/diabetologie-sendlingertor.de\/en\/wp-json\/wp\/v2\/pages\/520"}],"collection":[{"href":"https:\/\/diabetologie-sendlingertor.de\/en\/wp-json\/wp\/v2\/pages"}],"about":[{"href":"https:\/\/diabetologie-sendlingertor.de\/en\/wp-json\/wp\/v2\/types\/page"}],"author":[{"embeddable":true,"href":"https:\/\/diabetologie-sendlingertor.de\/en\/wp-json\/wp\/v2\/users\/1"}],"replies":[{"embeddable":true,"href":"https:\/\/diabetologie-sendlingertor.de\/en\/wp-json\/wp\/v2\/comments?post=520"}],"version-history":[{"count":10,"href":"https:\/\/diabetologie-sendlingertor.de\/en\/wp-json\/wp\/v2\/pages\/520\/revisions"}],"predecessor-version":[{"id":1009,"href":"https:\/\/diabetologie-sendlingertor.de\/en\/wp-json\/wp\/v2\/pages\/520\/revisions\/1009"}],"wp:attachment":[{"href":"https:\/\/diabetologie-sendlingertor.de\/en\/wp-json\/wp\/v2\/media?parent=520"}],"curies":[{"name":"wp","href":"https:\/\/api.w.org\/{rel}","templated":true}]}}